{"id":8,"date":"2024-11-07T15:47:53","date_gmt":"2024-11-07T15:47:53","guid":{"rendered":"https:\/\/bigperformix.com\/?page_id=8"},"modified":"2024-11-07T16:49:11","modified_gmt":"2024-11-07T16:49:11","slug":"unlock-employee-potential-with-transparent-performance-management","status":"publish","type":"page","link":"https:\/\/bigperformix.com\/es\/unlock-employee-potential-with-transparent-performance-management\/","title":{"rendered":"Unlock Employee Potential with Transparent Performance Management"},"content":{"rendered":"<div data-elementor-type=\"wp-page\" data-elementor-id=\"8\" class=\"elementor elementor-8\" data-elementor-post-type=\"page\">\n\t\t\t\t<div class=\"elementor-element elementor-element-4704c98 e-flex e-con-boxed e-con e-parent\" data-id=\"4704c98\" data-element_type=\"container\" data-e-type=\"container\">\n\t\t\t\t\t<div class=\"e-con-inner\">\n\t\t\t\t<div class=\"elementor-element elementor-element-456c8ba elementor-widget elementor-widget-theme-site-logo elementor-widget-image\" data-id=\"456c8ba\" data-element_type=\"widget\" data-e-type=\"widget\" data-widget_type=\"theme-site-logo.default\">\n\t\t\t\t<div class=\"elementor-widget-container\">\n\t\t\t\t\t\t\t\t\t\t\t<a href=\"https:\/\/bigperformix.com\/es\">\n\t\t\t<img decoding=\"async\" width=\"322\" height=\"70\" src=\"https:\/\/bigperformix.com\/wp-content\/uploads\/2024\/11\/imagotipo-performix.png\" class=\"attachment-full size-full wp-image-75\" alt=\"\" srcset=\"https:\/\/bigperformix.com\/wp-content\/uploads\/2024\/11\/imagotipo-performix.png 322w, https:\/\/bigperformix.com\/wp-content\/uploads\/2024\/11\/imagotipo-performix-300x65.png 300w, https:\/\/bigperformix.com\/wp-content\/uploads\/2024\/11\/imagotipo-performix-18x4.png 18w\" sizes=\"(max-width: 322px) 100vw, 322px\" \/>\t\t\t\t<\/a>\n\t\t\t\t\t\t\t\t\t\t\t<\/div>\n\t\t\t\t<\/div>\n\t\t\t\t<div class=\"elementor-element elementor-element-8aa3545 elementor-widget elementor-widget-html\" data-id=\"8aa3545\" data-element_type=\"widget\" data-e-type=\"widget\" data-widget_type=\"html.default\">\n\t\t\t\t<div class=\"elementor-widget-container\">\n\t\t\t\t\t<!-- Enhanced BigPerformix Website HTML with UI\/UX Best Practices -->\r\n\r\n<div class=\"elementor-container elementor-column-gap-default\">\r\n\r\n    <!-- Hero Section -->\r\n    <section class=\"hero-section\">\r\n        <div class=\"elementor-container text-center\">\r\n            <h1>Maximice el rendimiento del equipo con confianza<\/h1>\r\n            <h2 class=\"subheading\">Evaluaci\u00f3n confiable del desempe\u00f1o B2B con BigPerformix<\/h2>\r\n            <p class=\"hero-text\">Potencie su organizaci\u00f3n con evaluaciones honestas basadas en inteligencia artificial que brindan informaci\u00f3n real. Sin trucos, solo datos claros para impulsar el crecimiento y la responsabilidad.<\/p>\r\n            <a class=\"elementor-button hero-button\" href=\"#\">\r\n                <span>Solicite su demostraci\u00f3n gratuita<\/span>\r\n            <\/a>\r\n        <\/div>\r\n    <\/section>\r\n\r\n    <!-- About Section -->\r\n    <section class=\"about-section\">\r\n        <div class=\"elementor-container text-center\">\r\n            <h2>\u00bfPor qu\u00e9 confiar en BigPerformix?<\/h2>\r\n            <p>BigPerformix es su socio de confianza para realizar evaluaciones objetivas y pr\u00e1cticas. Ofrecemos informaci\u00f3n que fomenta la transparencia, la responsabilidad y una cultura de mejora continua en su organizaci\u00f3n.<\/p>\r\n        <\/div>\r\n    <\/section>\r\n\r\n    <!-- Features Section -->\r\n    <section class=\"features-section\">\r\n        <div class=\"elementor-container text-center\">\r\n            <h2>Caracter\u00edsticas principales de BigPerformix<\/h2>\r\n            <div class=\"features-row\">\r\n                <!-- Feature 1 -->\r\n                <div class=\"feature-item\">\r\n                    <img decoding=\"async\" src=\"https:\/\/theproduxers.com\/rm\/wp-content\/uploads\/2024\/10\/image.png\" alt=\"Automated Performance Evaluation\">\r\n                    <h3>Evaluaciones automatizadas y transparentes<\/h3>\r\n                    <p>Utilice tecnolog\u00eda de vanguardia que garantice evaluaciones justas sin lugar a sesgos.<\/p>\r\n                <\/div>\r\n                <!-- Feature 2 -->\r\n                <div class=\"feature-item\">\r\n                    <img decoding=\"async\" src=\"https:\/\/theproduxers.com\/rm\/wp-content\/uploads\/2024\/10\/image-1.png\" alt=\"Real-Time Analytics\">\r\n                    <h3>An\u00e1lisis profundo en tiempo real<\/h3>\r\n                    <p>Acceda a informaci\u00f3n clara y en tiempo real que proporciona una visi\u00f3n precisa del rendimiento del equipo.<\/p>\r\n                <\/div>\r\n                <!-- Feature 3 -->\r\n                <div class=\"feature-item\">\r\n                    <img decoding=\"async\" src=\"https:\/\/theproduxers.com\/rm\/wp-content\/uploads\/2024\/10\/image-2.png\" alt=\"Continuous Personalized Feedback\">\r\n                    <h3>Retroalimentaci\u00f3n honesta y continua<\/h3>\r\n                    <p>Impulse un crecimiento genuino con comentarios pr\u00e1cticos adaptados a las metas y objetivos del equipo.<\/p>\r\n                <\/div>\r\n            <\/div>\r\n        <\/div>\r\n    <\/section>\r\n\r\n    <!-- How It Works Section -->\r\n    <section class=\"how-it-works-section\">\r\n        <div class=\"elementor-container text-center\">\r\n            <h2>C\u00f3mo funciona BigPerformix<\/h2>\r\n            <div class=\"how-it-works-row\">\r\n                <div class=\"how-it-works-item\">\r\n                    <h3>1. Configurar evaluaciones personalizadas<\/h3>\r\n                    <p>Establezca criterios adaptados a las necesidades de su equipo y seleccione evaluadores calificados.<\/p>\r\n                <\/div>\r\n                <div class=\"how-it-works-item\">\r\n                    <h3>2. Aproveche la IA para realizar evaluaciones justas<\/h3>\r\n                    <p>Nuestra IA garantiza que solo participen los evaluadores adecuados, ofreciendo informaci\u00f3n valiosa.<\/p>\r\n                <\/div>\r\n                <div class=\"how-it-works-item\">\r\n                    <h3>3. Reciba comentarios transparentes y en tiempo real<\/h3>\r\n                    <p>Obtenga informaci\u00f3n clara e inmediata para tomar decisiones de equipo informadas.<\/p>\r\n                <\/div>\r\n                <div class=\"how-it-works-item\">\r\n                    <h3>4. Actuar sobre la base de datos fiables<\/h3>\r\n                    <p>Identificar fortalezas y \u00e1reas de mejora para impulsar el crecimiento continuo.<\/p>\r\n                <\/div>\r\n            <\/div>\r\n        <\/div>\r\n    <\/section>\r\n\r\n    <!-- Call-to-Action Section -->\r\n    <section class=\"cta-section\">\r\n        <div class=\"elementor-container text-center\">\r\n            <h2>Da el primer paso hacia un crecimiento genuino<\/h2>\r\n            <p>Experimente el impacto transformador de las evaluaciones transparentes impulsadas por IA con BigPerformix.<\/p>\r\n            <a class=\"elementor-button cta-button\" href=\"#\">\r\n                <span>Solicite una demostraci\u00f3n hoy<\/span>\r\n            <\/a>\r\n        <\/div>\r\n    <\/section>\r\n\r\n<\/div>\r\n\r\n<!-- Enhanced CSS Styling with UI\/UX Best Practices -->\r\n<style>\r\n    * {\r\n        box-sizing: border-box;\r\n        margin: 0;\r\n        padding: 0;\r\n        font-family: Arial, sans-serif;\r\n    }\r\n\r\n    .text-center {\r\n        text-align: center;\r\n    }\r\n\r\n    h1 {\r\n        font-size: 2.5rem;\r\n        color: #d32f2f;\r\n        margin-bottom: 15px;\r\n    }\r\n\r\n    .subheading {\r\n        color: #eee;\r\n        font-size: 1.2rem;\r\n    }\r\n\r\n    h2 {\r\n        font-size: 1.75rem;\r\n        color: #333;\r\n        margin-bottom: 10px;\r\n    }\r\n\r\n    h3 {\r\n        font-size: 1.25rem;\r\n        color: #444;\r\n        margin-bottom: 8px;\r\n    }\r\n\r\n    .hero-text, p {\r\n        font-size: 1rem;\r\n        color: #555;\r\n        line-height: 1.6;\r\n        margin-bottom: 20px;\r\n    }\r\n\r\n    a.elementor-button {\r\n        padding: 12px 25px;\r\n        border-radius: 5px;\r\n        font-weight: bold;\r\n        text-decoration: none;\r\n        display: inline-block;\r\n        color: #fff;\r\n        font-size: 1rem;\r\n        transition: background-color 0.3s ease;\r\n    }\r\n\r\n    .hero-section {\r\n        background-color: #222;\r\n        color: white;\r\n        padding: 60px 20px;\r\n    }\r\n\r\n    .hero-section h1 {\r\n        color: #ff4c4c;\r\n    }\r\n\r\n    .hero-section .hero-button {\r\n        background-color: #ff4c4c;\r\n        color: white;\r\n        margin-top: 20px;\r\n    }\r\n\r\n    .hero-button:hover {\r\n        background-color: #e03636;\r\n    }\r\n\r\n    .about-section {\r\n        background-color: #f9f9f9;\r\n        padding: 40px 20px;\r\n    }\r\n\r\n    .features-section {\r\n        background-color: #f5f5f5;\r\n        padding: 40px 20px;\r\n    }\r\n\r\n    .features-row {\r\n        display: flex;\r\n        flex-wrap: wrap;\r\n        gap: 20px;\r\n        justify-content: center;\r\n    }\r\n\r\n    .feature-item {\r\n        flex: 1 1 250px;\r\n        max-width: 300px;\r\n        min-height: 220px;\r\n        text-align: center;\r\n        background: #fff;\r\n        padding: 20px;\r\n        box-shadow: 0px 2px 8px rgba(0,0,0,0.1);\r\n        border-radius: 8px;\r\n        transition: transform 0.3s ease;\r\n    }\r\n\r\n    .feature-item img {\r\n        max-width: 60px;\r\n        margin-bottom: 10px;\r\n    }\r\n\r\n    .feature-item:hover {\r\n        transform: translateY(-5px);\r\n    }\r\n\r\n    .cta-section {\r\n        background-color: #d32f2f;\r\n        color: white;\r\n        padding: 40px 20px;\r\n    }\r\n\r\n    .cta-section .cta-button {\r\n        background-color: white;\r\n        color: #d32f2f;\r\n        margin-top: 20px;\r\n    }\r\n\r\n    .cta-button:hover {\r\n        color: #fff;\r\n        background-color: #b02828;\r\n    }\r\n\r\n    @media (max-width: 768px) {\r\n        h1, h2, h3 {\r\n            font-size: 1.5rem;\r\n        }\r\n\r\n        .features-row {\r\n            flex-direction: column;\r\n            gap: 15px;\r\n        }\r\n    }\r\n<\/style>\r\n\t\t\t\t<\/div>\n\t\t\t\t<\/div>\n\t\t\t\t\t<\/div>\n\t\t\t\t<\/div>\n\t\t\t\t<\/div>","protected":false},"excerpt":{"rendered":"<p>Maximize Team Performance with Confidence Reliable B2B Performance Assessment with BigPerformix Empower your organization with honest, AI-driven evaluations that bring real insights. No gimmicks, just clear data to drive growth and accountability. Request Your Free Demo Why Trust BigPerformix? BigPerformix is your trusted partner in unbiased, actionable assessments. We provide insights that foster transparency, accountability, [&hellip;]<\/p>\n","protected":false},"author":1,"featured_media":0,"parent":0,"menu_order":0,"comment_status":"closed","ping_status":"closed","template":"","meta":{"footnotes":""},"class_list":["post-8","page","type-page","status-publish","hentry"],"_links":{"self":[{"href":"https:\/\/bigperformix.com\/es\/wp-json\/wp\/v2\/pages\/8","targetHints":{"allow":["GET"]}}],"collection":[{"href":"https:\/\/bigperformix.com\/es\/wp-json\/wp\/v2\/pages"}],"about":[{"href":"https:\/\/bigperformix.com\/es\/wp-json\/wp\/v2\/types\/page"}],"author":[{"embeddable":true,"href":"https:\/\/bigperformix.com\/es\/wp-json\/wp\/v2\/users\/1"}],"replies":[{"embeddable":true,"href":"https:\/\/bigperformix.com\/es\/wp-json\/wp\/v2\/comments?post=8"}],"version-history":[{"count":39,"href":"https:\/\/bigperformix.com\/es\/wp-json\/wp\/v2\/pages\/8\/revisions"}],"predecessor-version":[{"id":53,"href":"https:\/\/bigperformix.com\/es\/wp-json\/wp\/v2\/pages\/8\/revisions\/53"}],"wp:attachment":[{"href":"https:\/\/bigperformix.com\/es\/wp-json\/wp\/v2\/media?parent=8"}],"curies":[{"name":"wp","href":"https:\/\/api.w.org\/{rel}","templated":true}]}}