{"id":206,"date":"2024-11-12T23:22:43","date_gmt":"2024-11-12T23:22:43","guid":{"rendered":"https:\/\/bigperformix.com\/?page_id=206"},"modified":"2025-01-24T23:15:03","modified_gmt":"2025-01-24T23:15:03","slug":"terms-and-conditions","status":"publish","type":"page","link":"https:\/\/bigperformix.com\/es\/terms-and-conditions\/","title":{"rendered":"T\u00e9rminos y condiciones"},"content":{"rendered":"<div data-elementor-type=\"wp-page\" data-elementor-id=\"206\" class=\"elementor elementor-206\" data-elementor-post-type=\"page\">\n\t\t\t\t\t\t<section class=\"elementor-section elementor-top-section elementor-element elementor-element-0f99132 elementor-section-boxed elementor-section-height-default elementor-section-height-default\" data-id=\"0f99132\" data-element_type=\"section\" data-e-type=\"section\">\n\t\t\t\t\t\t<div class=\"elementor-container elementor-column-gap-default\">\n\t\t\t\t\t<div class=\"elementor-column elementor-col-100 elementor-top-column elementor-element elementor-element-30989cb\" data-id=\"30989cb\" data-element_type=\"column\" data-e-type=\"column\">\n\t\t\t<div class=\"elementor-widget-wrap elementor-element-populated\">\n\t\t\t\t\t\t<section class=\"elementor-section elementor-inner-section elementor-element elementor-element-d2034fd elementor-section-boxed elementor-section-height-default elementor-section-height-default\" data-id=\"d2034fd\" data-element_type=\"section\" data-e-type=\"section\">\n\t\t\t\t\t\t<div class=\"elementor-container elementor-column-gap-default\">\n\t\t\t\t\t<div class=\"elementor-column elementor-col-100 elementor-inner-column elementor-element elementor-element-f7e8f02\" data-id=\"f7e8f02\" data-element_type=\"column\" data-e-type=\"column\">\n\t\t\t<div class=\"elementor-widget-wrap elementor-element-populated\">\n\t\t\t\t\t\t<div class=\"elementor-element elementor-element-5c1430f elementor-widget elementor-widget-heading\" data-id=\"5c1430f\" data-element_type=\"widget\" data-e-type=\"widget\" data-widget_type=\"heading.default\">\n\t\t\t\t<div class=\"elementor-widget-container\">\n\t\t\t\t\t<h1 class=\"elementor-heading-title elementor-size-default\">T\u00e9rminos y condiciones<\/h1>\t\t\t\t<\/div>\n\t\t\t\t<\/div>\n\t\t\t\t<div class=\"elementor-element elementor-element-cd6d90c elementor-widget elementor-widget-heading\" data-id=\"cd6d90c\" data-element_type=\"widget\" data-e-type=\"widget\" data-widget_type=\"heading.default\">\n\t\t\t\t<div class=\"elementor-widget-container\">\n\t\t\t\t\t<p class=\"elementor-heading-title elementor-size-default\">Descubra c\u00f3mo PERFORMIX le ayuda a evaluar, mejorar y hacer crecer el talento a trav\u00e9s de una soluci\u00f3n dise\u00f1ada para socios y empresas.<\/p>\t\t\t\t<\/div>\n\t\t\t\t<\/div>\n\t\t\t\t<div class=\"elementor-element elementor-element-f0712ec elementor-widget elementor-widget-text-editor\" data-id=\"f0712ec\" data-element_type=\"widget\" data-e-type=\"widget\" data-widget_type=\"text-editor.default\">\n\t\t\t\t<div class=\"elementor-widget-container\">\n\t\t\t\t\t\t\t\t\t<p>\u00a1Bienvenido a BigPerformix! Al acceder y utilizar nuestra plataforma, usted acepta cumplir con los siguientes t\u00e9rminos y condiciones. Estos garantizan una experiencia segura y sin inconvenientes para todos nuestros usuarios:<\/p>\n<h4><strong>1. Acceso a la plataforma<\/strong><\/h4>\n<ul>\n<li>Los usuarios son responsables de proteger sus credenciales de inicio de sesi\u00f3n y asegurarse de que no se compartan con personas no autorizadas.<\/li>\n<li>Los intentos de acceso no autorizado o uso indebido dar\u00e1n lugar a la suspensi\u00f3n inmediata de la cuenta.<\/li>\n<\/ul>\n<h4><strong>2. Suscripci\u00f3n y facturaci\u00f3n<\/strong><\/h4>\n<ul>\n<li>Los usuarios nuevos pueden disfrutar de una prueba gratuita de 7 d\u00edas. Despu\u00e9s de este per\u00edodo, los usuarios pasar\u00e1n autom\u00e1ticamente a una suscripci\u00f3n paga a menos que cancelen la suscripci\u00f3n.<\/li>\n<li>Hay opciones de facturaci\u00f3n mensual y anual disponibles, con t\u00e9rminos detallados durante el registro.<\/li>\n<\/ul>\n<h4><strong>3. Uso de los Servicios<\/strong><\/h4>\n<ul>\n<li>La plataforma est\u00e1 dise\u00f1ada para uso profesional para realizar evaluaciones y mejorar el desempe\u00f1o del equipo.<\/li>\n<li>Usted acepta no hacer un mal uso de la plataforma para fines ajenos a su funcionalidad prevista, incluida la carga de contenido da\u00f1ino o irrelevante.<\/li>\n<\/ul>\n<h4><strong>4. Propiedad intelectual<\/strong><\/h4>\n<ul>\n<li>Todo el software, contenido y dise\u00f1os de BigPerformix son propietarios y est\u00e1n protegidos por las leyes de propiedad intelectual.<\/li>\n<li>Los usuarios no pueden replicar, modificar ni distribuir el contenido de la plataforma sin consentimiento previo por escrito.<\/li>\n<\/ul>\n<h4><strong>5. Limitaci\u00f3n de responsabilidad<\/strong><\/h4>\n<ul>\n<li>Si bien BigPerformix se esfuerza por brindar informaci\u00f3n y evaluaciones precisas, los resultados de la plataforma deben complementar, no reemplazar, los procesos de toma de decisiones profesionales.<\/li>\n<li>BigPerformix no es responsable de ninguna decisi\u00f3n comercial tomada \u00fanicamente en funci\u00f3n de los resultados de la plataforma.<\/li>\n<\/ul>\n<h4><strong>6. Cancelaci\u00f3n y terminaci\u00f3n<\/strong><\/h4>\n<ul>\n<li>Los usuarios pueden cancelar su suscripci\u00f3n en cualquier momento. No se otorgan reembolsos por partes no utilizadas de un ciclo de facturaci\u00f3n.<\/li>\n<li>Nos reservamos el derecho de cancelar cuentas que violen nuestros t\u00e9rminos de uso.<\/li><\/ul>\t\t\t\t\t\t\t\t<\/div>\n\t\t\t\t<\/div>\n\t\t\t\t<div class=\"elementor-element elementor-element-e77be9b elementor-widget elementor-widget-button\" data-id=\"e77be9b\" data-element_type=\"widget\" data-e-type=\"widget\" data-widget_type=\"button.default\">\n\t\t\t\t<div class=\"elementor-widget-container\">\n\t\t\t\t\t\t\t\t\t<div class=\"elementor-button-wrapper\">\n\t\t\t\t\t<a class=\"elementor-button elementor-button-link elementor-size-sm\" href=\"#elementor-action%3Aaction%3Dpopup%3Aopen%26settings%3DeyJpZCI6IjE1OSIsInRvZ2dsZSI6ZmFsc2V9\">\n\t\t\t\t\t\t<span class=\"elementor-button-content-wrapper\">\n\t\t\t\t\t\t\t\t\t<span class=\"elementor-button-text\">Demos sin costo<\/span>\n\t\t\t\t\t<\/span>\n\t\t\t\t\t<\/a>\n\t\t\t\t<\/div>\n\t\t\t\t\t\t\t\t<\/div>\n\t\t\t\t<\/div>\n\t\t\t\t<div class=\"elementor-element elementor-element-18ec8c1 elementor-widget elementor-widget-spacer\" data-id=\"18ec8c1\" data-element_type=\"widget\" data-e-type=\"widget\" data-widget_type=\"spacer.default\">\n\t\t\t\t<div class=\"elementor-widget-container\">\n\t\t\t\t\t\t\t<div class=\"elementor-spacer\">\n\t\t\t<div class=\"elementor-spacer-inner\"><\/div>\n\t\t<\/div>\n\t\t\t\t\t\t<\/div>\n\t\t\t\t<\/div>\n\t\t\t\t\t<\/div>\n\t\t<\/div>\n\t\t\t\t\t<\/div>\n\t\t<\/section>\n\t\t\t\t\t<\/div>\n\t\t<\/div>\n\t\t\t\t\t<\/div>\n\t\t<\/section>\n\t\t\t\t<\/div>","protected":false},"excerpt":{"rendered":"<p>Terms and Conditions Discover how PERFORMIX helps you assess, improve, and grow talent through a solution designed for partners and businesses. Welcome to BigPerformix! By accessing and using our platform, you agree to abide by the following terms and conditions. These ensure a seamless and secure experience for all our users: 1. Platform Access Users [&hellip;]<\/p>\n","protected":false},"author":2,"featured_media":0,"parent":0,"menu_order":0,"comment_status":"closed","ping_status":"closed","template":"","meta":{"footnotes":""},"class_list":["post-206","page","type-page","status-publish","hentry"],"_links":{"self":[{"href":"https:\/\/bigperformix.com\/es\/wp-json\/wp\/v2\/pages\/206","targetHints":{"allow":["GET"]}}],"collection":[{"href":"https:\/\/bigperformix.com\/es\/wp-json\/wp\/v2\/pages"}],"about":[{"href":"https:\/\/bigperformix.com\/es\/wp-json\/wp\/v2\/types\/page"}],"author":[{"embeddable":true,"href":"https:\/\/bigperformix.com\/es\/wp-json\/wp\/v2\/users\/2"}],"replies":[{"embeddable":true,"href":"https:\/\/bigperformix.com\/es\/wp-json\/wp\/v2\/comments?post=206"}],"version-history":[{"count":7,"href":"https:\/\/bigperformix.com\/es\/wp-json\/wp\/v2\/pages\/206\/revisions"}],"predecessor-version":[{"id":730,"href":"https:\/\/bigperformix.com\/es\/wp-json\/wp\/v2\/pages\/206\/revisions\/730"}],"wp:attachment":[{"href":"https:\/\/bigperformix.com\/es\/wp-json\/wp\/v2\/media?parent=206"}],"curies":[{"name":"wp","href":"https:\/\/api.w.org\/{rel}","templated":true}]}}