{"id":200,"date":"2024-11-12T23:20:41","date_gmt":"2024-11-12T23:20:41","guid":{"rendered":"https:\/\/bigperformix.com\/?page_id=200"},"modified":"2025-01-24T23:15:27","modified_gmt":"2025-01-24T23:15:27","slug":"privacy-policy-2","status":"publish","type":"page","link":"https:\/\/bigperformix.com\/es\/privacy-policy-2\/","title":{"rendered":"pol\u00edtica de privacidad"},"content":{"rendered":"<div data-elementor-type=\"wp-page\" data-elementor-id=\"200\" class=\"elementor elementor-200\" data-elementor-post-type=\"page\">\n\t\t\t\t\t\t<section class=\"elementor-section elementor-top-section elementor-element elementor-element-383a202 elementor-section-boxed elementor-section-height-default elementor-section-height-default\" data-id=\"383a202\" data-element_type=\"section\" data-e-type=\"section\">\n\t\t\t\t\t\t<div class=\"elementor-container elementor-column-gap-default\">\n\t\t\t\t\t<div class=\"elementor-column elementor-col-100 elementor-top-column elementor-element elementor-element-f089974\" data-id=\"f089974\" data-element_type=\"column\" data-e-type=\"column\">\n\t\t\t<div class=\"elementor-widget-wrap elementor-element-populated\">\n\t\t\t\t\t\t<section class=\"elementor-section elementor-inner-section elementor-element elementor-element-03ecd19 elementor-section-boxed elementor-section-height-default elementor-section-height-default\" data-id=\"03ecd19\" data-element_type=\"section\" data-e-type=\"section\">\n\t\t\t\t\t\t<div class=\"elementor-container elementor-column-gap-default\">\n\t\t\t\t\t<div class=\"elementor-column elementor-col-100 elementor-inner-column elementor-element elementor-element-db4a2c5\" data-id=\"db4a2c5\" data-element_type=\"column\" data-e-type=\"column\">\n\t\t\t<div class=\"elementor-widget-wrap elementor-element-populated\">\n\t\t\t\t\t\t<div class=\"elementor-element elementor-element-71e56d5 elementor-widget elementor-widget-heading\" data-id=\"71e56d5\" data-element_type=\"widget\" data-e-type=\"widget\" data-widget_type=\"heading.default\">\n\t\t\t\t<div class=\"elementor-widget-container\">\n\t\t\t\t\t<h1 class=\"elementor-heading-title elementor-size-default\">pol\u00edtica de privacidad<\/h1>\t\t\t\t<\/div>\n\t\t\t\t<\/div>\n\t\t\t\t<div class=\"elementor-element elementor-element-98c4c46 elementor-widget elementor-widget-heading\" data-id=\"98c4c46\" data-element_type=\"widget\" data-e-type=\"widget\" data-widget_type=\"heading.default\">\n\t\t\t\t<div class=\"elementor-widget-container\">\n\t\t\t\t\t<p class=\"elementor-heading-title elementor-size-default\">Descubra c\u00f3mo PERFORMIX le ayuda a evaluar, mejorar y hacer crecer el talento a trav\u00e9s de una soluci\u00f3n dise\u00f1ada para socios y empresas.<\/p>\t\t\t\t<\/div>\n\t\t\t\t<\/div>\n\t\t\t\t<div class=\"elementor-element elementor-element-10de09f elementor-widget elementor-widget-text-editor\" data-id=\"10de09f\" data-element_type=\"widget\" data-e-type=\"widget\" data-widget_type=\"text-editor.default\">\n\t\t\t\t<div class=\"elementor-widget-container\">\n\t\t\t\t\t\t\t\t\t<p>En BigPerformix, comprendemos la importancia de proteger sus datos personales y comerciales. Nuestras pol\u00edticas de privacidad est\u00e1n dise\u00f1adas para garantizar la transparencia, la confianza y el cumplimiento de las normas internacionales, como el RGPD, la HIPAA y la CCPA. As\u00ed es como gestionamos sus datos:<\/p><h4><strong>1. Recopilaci\u00f3n de datos<\/strong><\/h4><p>Recopilamos datos para proporcionar y mejorar nuestros servicios de evaluaci\u00f3n del desempe\u00f1o. Esto incluye:<\/p><ul><li>Perfiles de empleados (nombre, correo electr\u00f3nico, puesto de trabajo, objetivos, etc.).<\/li><li>Respuestas de evaluaci\u00f3n y resultados anal\u00edticos.<\/li><li>Datos t\u00e9cnicos (direcci\u00f3n IP, tipo de navegador y patrones de uso) para mejorar la funcionalidad de la plataforma.<\/li><\/ul><p>Nunca recopilamos m\u00e1s informaci\u00f3n de la necesaria y toda la recopilaci\u00f3n de datos se basa en el consentimiento.<\/p><h4><strong>2. Uso de datos<\/strong><\/h4><p>La informaci\u00f3n que recopilamos se utiliza exclusivamente para:<\/p><ul><li>Genere evaluaciones personalizadas 1 a 1 y 360\u00b0.<\/li><li>Cree recomendaciones e informaci\u00f3n basadas en inteligencia artificial.<\/li><li>Mejorar las caracter\u00edsticas de la plataforma y la experiencia del usuario.<\/li><\/ul><h4><strong>3. Seguridad de los datos<\/strong><\/h4><p>Implementamos protocolos de seguridad l\u00edderes en la industria, que incluyen:<\/p><ul><li>Cifrado AES-256 para datos almacenados.<\/li><li>SSL\/TLS para transmisi\u00f3n segura de datos.<\/li><li>Pruebas de vulnerabilidad peri\u00f3dicas y auditor\u00edas de cumplimiento.<\/li><\/ul><h4><strong>4. Sus derechos<\/strong><\/h4><p>Como usuario, usted tiene derecho a:<\/p><ul><li>Acceder y revisar sus datos personales.<\/li><li>Solicitar correcciones o eliminaciones.<\/li><li>Retirar el consentimiento en cualquier momento, sujeto a las restricciones de funcionalidad de la plataforma.<\/li><\/ul><h4><strong>5. Compartir con terceros<\/strong><\/h4><p>No vendemos, alquilamos ni compartimos sus datos con terceros no autorizados. Las integraciones o los proveedores de servicios autorizados (por ejemplo, alojamiento en la nube, herramientas de an\u00e1lisis) est\u00e1n estrictamente sujetos a acuerdos de confidencialidad.<\/p>\t\t\t\t\t\t\t\t<\/div>\n\t\t\t\t<\/div>\n\t\t\t\t<div class=\"elementor-element elementor-element-3c26eb6 elementor-widget elementor-widget-button\" data-id=\"3c26eb6\" data-element_type=\"widget\" data-e-type=\"widget\" data-widget_type=\"button.default\">\n\t\t\t\t<div class=\"elementor-widget-container\">\n\t\t\t\t\t\t\t\t\t<div class=\"elementor-button-wrapper\">\n\t\t\t\t\t<a class=\"elementor-button elementor-button-link elementor-size-sm\" href=\"#elementor-action%3Aaction%3Dpopup%3Aopen%26settings%3DeyJpZCI6IjE1OSIsInRvZ2dsZSI6ZmFsc2V9\">\n\t\t\t\t\t\t<span class=\"elementor-button-content-wrapper\">\n\t\t\t\t\t\t\t\t\t<span class=\"elementor-button-text\">Solicite su demostraci\u00f3n gratuita<\/span>\n\t\t\t\t\t<\/span>\n\t\t\t\t\t<\/a>\n\t\t\t\t<\/div>\n\t\t\t\t\t\t\t\t<\/div>\n\t\t\t\t<\/div>\n\t\t\t\t<div class=\"elementor-element elementor-element-b238a53 elementor-widget elementor-widget-spacer\" data-id=\"b238a53\" data-element_type=\"widget\" data-e-type=\"widget\" data-widget_type=\"spacer.default\">\n\t\t\t\t<div class=\"elementor-widget-container\">\n\t\t\t\t\t\t\t<div class=\"elementor-spacer\">\n\t\t\t<div class=\"elementor-spacer-inner\"><\/div>\n\t\t<\/div>\n\t\t\t\t\t\t<\/div>\n\t\t\t\t<\/div>\n\t\t\t\t\t<\/div>\n\t\t<\/div>\n\t\t\t\t\t<\/div>\n\t\t<\/section>\n\t\t\t\t\t<\/div>\n\t\t<\/div>\n\t\t\t\t\t<\/div>\n\t\t<\/section>\n\t\t\t\t<\/div>","protected":false},"excerpt":{"rendered":"<p>Privacy Policy Discover how PERFORMIX helps you assess, improve, and grow talent through a solution designed for partners and businesses. At BigPerformix, we understand the importance of protecting your personal and business data. Our privacy policies are designed to ensure transparency, trust, and compliance with international standards such as GDPR, HIPAA, and CCPA. Here\u2019s how [&hellip;]<\/p>\n","protected":false},"author":2,"featured_media":0,"parent":0,"menu_order":0,"comment_status":"closed","ping_status":"closed","template":"","meta":{"footnotes":""},"class_list":["post-200","page","type-page","status-publish","hentry"],"_links":{"self":[{"href":"https:\/\/bigperformix.com\/es\/wp-json\/wp\/v2\/pages\/200","targetHints":{"allow":["GET"]}}],"collection":[{"href":"https:\/\/bigperformix.com\/es\/wp-json\/wp\/v2\/pages"}],"about":[{"href":"https:\/\/bigperformix.com\/es\/wp-json\/wp\/v2\/types\/page"}],"author":[{"embeddable":true,"href":"https:\/\/bigperformix.com\/es\/wp-json\/wp\/v2\/users\/2"}],"replies":[{"embeddable":true,"href":"https:\/\/bigperformix.com\/es\/wp-json\/wp\/v2\/comments?post=200"}],"version-history":[{"count":7,"href":"https:\/\/bigperformix.com\/es\/wp-json\/wp\/v2\/pages\/200\/revisions"}],"predecessor-version":[{"id":733,"href":"https:\/\/bigperformix.com\/es\/wp-json\/wp\/v2\/pages\/200\/revisions\/733"}],"wp:attachment":[{"href":"https:\/\/bigperformix.com\/es\/wp-json\/wp\/v2\/media?parent=200"}],"curies":[{"name":"wp","href":"https:\/\/api.w.org\/{rel}","templated":true}]}}