{"id":193,"date":"2024-11-12T23:15:15","date_gmt":"2024-11-12T23:15:15","guid":{"rendered":"https:\/\/bigperformix.com\/?page_id=193"},"modified":"2024-11-12T23:23:48","modified_gmt":"2024-11-12T23:23:48","slug":"faqs","status":"publish","type":"page","link":"https:\/\/bigperformix.com\/es\/faqs\/","title":{"rendered":"Preguntas frecuentes"},"content":{"rendered":"<div data-elementor-type=\"wp-page\" data-elementor-id=\"193\" class=\"elementor elementor-193\" data-elementor-post-type=\"page\">\n\t\t\t\t\t\t<section class=\"elementor-section elementor-top-section elementor-element elementor-element-a740c4b elementor-section-boxed elementor-section-height-default elementor-section-height-default\" data-id=\"a740c4b\" data-element_type=\"section\" data-e-type=\"section\">\n\t\t\t\t\t\t<div class=\"elementor-container elementor-column-gap-default\">\n\t\t\t\t\t<div class=\"elementor-column elementor-col-100 elementor-top-column elementor-element elementor-element-8badcdc\" data-id=\"8badcdc\" data-element_type=\"column\" data-e-type=\"column\">\n\t\t\t<div class=\"elementor-widget-wrap elementor-element-populated\">\n\t\t\t\t\t\t<section class=\"elementor-section elementor-inner-section elementor-element elementor-element-f2cf3dc elementor-section-boxed elementor-section-height-default elementor-section-height-default\" data-id=\"f2cf3dc\" data-element_type=\"section\" data-e-type=\"section\">\n\t\t\t\t\t\t<div class=\"elementor-container elementor-column-gap-default\">\n\t\t\t\t\t<div class=\"elementor-column elementor-col-100 elementor-inner-column elementor-element elementor-element-442332a\" data-id=\"442332a\" data-element_type=\"column\" data-e-type=\"column\">\n\t\t\t<div class=\"elementor-widget-wrap elementor-element-populated\">\n\t\t\t\t\t\t<div class=\"elementor-element elementor-element-22339a5 elementor-widget elementor-widget-heading\" data-id=\"22339a5\" data-element_type=\"widget\" data-e-type=\"widget\" data-widget_type=\"heading.default\">\n\t\t\t\t<div class=\"elementor-widget-container\">\n\t\t\t\t\t<h1 class=\"elementor-heading-title elementor-size-default\">Preguntas frecuentes (FAQ)<\/h1>\t\t\t\t<\/div>\n\t\t\t\t<\/div>\n\t\t\t\t<div class=\"elementor-element elementor-element-ce77f5d elementor-widget elementor-widget-heading\" data-id=\"ce77f5d\" data-element_type=\"widget\" data-e-type=\"widget\" data-widget_type=\"heading.default\">\n\t\t\t\t<div class=\"elementor-widget-container\">\n\t\t\t\t\t<p class=\"elementor-heading-title elementor-size-default\">Descubra c\u00f3mo PERFORMIX le ayuda a evaluar, mejorar y hacer crecer el talento a trav\u00e9s de una soluci\u00f3n dise\u00f1ada para socios y empresas.<\/p>\t\t\t\t<\/div>\n\t\t\t\t<\/div>\n\t\t\t\t<div class=\"elementor-element elementor-element-6315a55 elementor-widget elementor-widget-text-editor\" data-id=\"6315a55\" data-element_type=\"widget\" data-e-type=\"widget\" data-widget_type=\"text-editor.default\">\n\t\t\t\t<div class=\"elementor-widget-container\">\n\t\t\t\t\t\t\t\t\t<ol><li><p><strong>\u00bfQu\u00e9 es Performix?<\/strong><br \/>Performix es una plataforma de evaluaci\u00f3n del desempe\u00f1o que ayuda a las empresas a medir, analizar y mejorar el desempe\u00f1o de los empleados a trav\u00e9s de herramientas avanzadas e inteligencia artificial.<\/p><\/li><li><p><strong>\u00bfC\u00f3mo puedo solicitar una demostraci\u00f3n de Performix?<\/strong><br \/>Para solicitar una demostraci\u00f3n, complete el formulario \u201cSolicite su demostraci\u00f3n\u201d en nuestro sitio web. Nos comunicaremos con usted para programar una demostraci\u00f3n personalizada.<\/p><\/li><li><p><strong>\u00bfPerformix es adecuado para empresas de todos los tama\u00f1os?<\/strong><br \/>S\u00ed, Performix es escalable y se adapta a empresas de cualquier tama\u00f1o, desde peque\u00f1as empresas hasta grandes corporaciones.<\/p><\/li><li><p><strong>\u00bfQu\u00e9 tipos de evaluaciones ofrece Performix?<\/strong><br \/>Performix ofrece evaluaciones de desempe\u00f1o, evaluaciones de 360\u00b0, encuestas de compromiso de los empleados y herramientas de retroalimentaci\u00f3n para el crecimiento continuo del equipo.<\/p><\/li><li><p><strong>\u00bfCu\u00e1nto tiempo se tarda en implementar Performix?<\/strong><br \/>El tiempo de implementaci\u00f3n var\u00eda seg\u00fan las necesidades de cada empresa, pero generalmente es r\u00e1pido y sencillo, con asistencia en cada paso.<\/p><\/li><li><p><strong>\u00bfNecesito conocimientos t\u00e9cnicos para utilizar Performix?<\/strong><br \/>No, Performix es f\u00e1cil de usar y est\u00e1 dise\u00f1ado para ser intuitivo. Nuestro equipo de soporte tambi\u00e9n est\u00e1 disponible para ayudar en cualquier momento.<\/p><\/li><li><p><strong>\u00bfCu\u00e1nto cuesta Performix?<\/strong><br \/>El precio var\u00eda seg\u00fan el tama\u00f1o de la empresa y los requisitos de funciones. Cont\u00e1ctenos a trav\u00e9s de nuestro formulario para obtener una cotizaci\u00f3n.<\/p><\/li><li><p><strong>\u00bfC\u00f3mo protege Performix los datos de mi empresa?<\/strong><br \/>Performix cumple con los m\u00e1s altos est\u00e1ndares de seguridad y privacidad. Todos los datos se almacenan de forma segura y cumplen con las normas de protecci\u00f3n de datos.<\/p><\/li><li><p><strong>\u00bfPuedo personalizar las evaluaciones en Performix?<\/strong><br \/>S\u00ed, Performix le permite personalizar las evaluaciones para adaptarse a las necesidades y objetivos espec\u00edficos de cada empresa.<\/p><\/li><li><p><strong>\u00bfPerformix ofrece soporte t\u00e9cnico?<\/strong><br \/>S\u00ed, brindamos soporte t\u00e9cnico en ingl\u00e9s y espa\u00f1ol, disponible para ayudar a los usuarios con cualquier pregunta o problema.<\/p><\/li><\/ol>\t\t\t\t\t\t\t\t<\/div>\n\t\t\t\t<\/div>\n\t\t\t\t<div class=\"elementor-element elementor-element-81e479b elementor-widget elementor-widget-button\" data-id=\"81e479b\" data-element_type=\"widget\" data-e-type=\"widget\" data-widget_type=\"button.default\">\n\t\t\t\t<div class=\"elementor-widget-container\">\n\t\t\t\t\t\t\t\t\t<div class=\"elementor-button-wrapper\">\n\t\t\t\t\t<a class=\"elementor-button elementor-button-link elementor-size-sm\" href=\"#elementor-action%3Aaction%3Dpopup%3Aopen%26settings%3DeyJpZCI6IjE1OSIsInRvZ2dsZSI6ZmFsc2V9\">\n\t\t\t\t\t\t<span class=\"elementor-button-content-wrapper\">\n\t\t\t\t\t\t\t\t\t<span class=\"elementor-button-text\">Demos sin costo<\/span>\n\t\t\t\t\t<\/span>\n\t\t\t\t\t<\/a>\n\t\t\t\t<\/div>\n\t\t\t\t\t\t\t\t<\/div>\n\t\t\t\t<\/div>\n\t\t\t\t<div class=\"elementor-element elementor-element-de18d12 elementor-widget elementor-widget-spacer\" data-id=\"de18d12\" data-element_type=\"widget\" data-e-type=\"widget\" data-widget_type=\"spacer.default\">\n\t\t\t\t<div class=\"elementor-widget-container\">\n\t\t\t\t\t\t\t<div class=\"elementor-spacer\">\n\t\t\t<div class=\"elementor-spacer-inner\"><\/div>\n\t\t<\/div>\n\t\t\t\t\t\t<\/div>\n\t\t\t\t<\/div>\n\t\t\t\t\t<\/div>\n\t\t<\/div>\n\t\t\t\t\t<\/div>\n\t\t<\/section>\n\t\t\t\t\t<\/div>\n\t\t<\/div>\n\t\t\t\t\t<\/div>\n\t\t<\/section>\n\t\t\t\t<\/div>","protected":false},"excerpt":{"rendered":"<p>Frequently Asked Questions (FAQ) Discover how PERFORMIX helps you assess, improve, and grow talent through a solution designed for partners and businesses. What is Performix?Performix is a performance evaluation platform that helps companies measure, analyze, and improve employee performance through advanced tools and artificial intelligence. How can I request a demo of Performix?To request a [&hellip;]<\/p>\n","protected":false},"author":2,"featured_media":0,"parent":0,"menu_order":0,"comment_status":"closed","ping_status":"closed","template":"","meta":{"footnotes":""},"class_list":["post-193","page","type-page","status-publish","hentry"],"_links":{"self":[{"href":"https:\/\/bigperformix.com\/es\/wp-json\/wp\/v2\/pages\/193","targetHints":{"allow":["GET"]}}],"collection":[{"href":"https:\/\/bigperformix.com\/es\/wp-json\/wp\/v2\/pages"}],"about":[{"href":"https:\/\/bigperformix.com\/es\/wp-json\/wp\/v2\/types\/page"}],"author":[{"embeddable":true,"href":"https:\/\/bigperformix.com\/es\/wp-json\/wp\/v2\/users\/2"}],"replies":[{"embeddable":true,"href":"https:\/\/bigperformix.com\/es\/wp-json\/wp\/v2\/comments?post=193"}],"version-history":[{"count":7,"href":"https:\/\/bigperformix.com\/es\/wp-json\/wp\/v2\/pages\/193\/revisions"}],"predecessor-version":[{"id":213,"href":"https:\/\/bigperformix.com\/es\/wp-json\/wp\/v2\/pages\/193\/revisions\/213"}],"wp:attachment":[{"href":"https:\/\/bigperformix.com\/es\/wp-json\/wp\/v2\/media?parent=193"}],"curies":[{"name":"wp","href":"https:\/\/api.w.org\/{rel}","templated":true}]}}